{"id":31,"date":"2021-08-17T14:18:18","date_gmt":"2021-08-17T14:18:18","guid":{"rendered":"https:\/\/www.int-medicine.com\/?page_id=31"},"modified":"2026-02-04T19:08:17","modified_gmt":"2026-02-04T19:08:17","slug":"infrared-system","status":"publish","type":"page","link":"https:\/\/www.int-medicine.com\/pt\/infrared-system\/","title":{"rendered":"InfraRed System"},"content":{"rendered":"<div data-elementor-type=\"wp-page\" data-elementor-id=\"31\" class=\"elementor elementor-31\" data-elementor-post-type=\"page\">\n\t\t\t\t\t\t<section class=\"elementor-section elementor-top-section elementor-element elementor-element-82c5af0 animated-fast elementor-section-boxed elementor-section-height-default elementor-section-height-default elementor-invisible\" data-id=\"82c5af0\" data-element_type=\"section\" data-settings=\"{&quot;animation&quot;:&quot;fadeIn&quot;}\">\n\t\t\t\t\t\t<div class=\"elementor-container elementor-column-gap-default\">\n\t\t\t\t\t<div class=\"elementor-column elementor-col-100 elementor-top-column elementor-element elementor-element-16893dd\" data-id=\"16893dd\" data-element_type=\"column\">\n\t\t\t<div class=\"elementor-widget-wrap elementor-element-populated\">\n\t\t\t\t\t\t<section class=\"elementor-section elementor-inner-section elementor-element elementor-element-33115b4 elementor-section-boxed elementor-section-height-default elementor-section-height-default\" data-id=\"33115b4\" data-element_type=\"section\">\n\t\t\t\t\t\t<div class=\"elementor-container elementor-column-gap-default\">\n\t\t\t\t\t<div class=\"elementor-column elementor-col-50 elementor-inner-column elementor-element elementor-element-37205c2 elementor-invisible\" data-id=\"37205c2\" data-element_type=\"column\" data-settings=\"{&quot;background_background&quot;:&quot;classic&quot;,&quot;animation&quot;:&quot;fadeIn&quot;,&quot;animation_delay&quot;:300}\">\n\t\t\t<div class=\"elementor-widget-wrap elementor-element-populated\">\n\t\t\t\t\t\t<div class=\"elementor-element elementor-element-4f867a9 elementor-widget elementor-widget-spacer\" data-id=\"4f867a9\" data-element_type=\"widget\" data-widget_type=\"spacer.default\">\n\t\t\t\t<div class=\"elementor-widget-container\">\n\t\t\t\t\t<div class=\"elementor-spacer\">\n\t\t\t<div class=\"elementor-spacer-inner\"><\/div>\n\t\t<\/div>\n\t\t\t\t<\/div>\n\t\t\t\t<\/div>\n\t\t\t\t\t<\/div>\n\t\t<\/div>\n\t\t\t\t<div class=\"elementor-column elementor-col-50 elementor-inner-column elementor-element elementor-element-38ed3e8\" data-id=\"38ed3e8\" data-element_type=\"column\">\n\t\t\t<div class=\"elementor-widget-wrap elementor-element-populated\">\n\t\t\t\t\t\t<div class=\"elementor-element elementor-element-0b1c68f elementor-widget elementor-widget-heading\" data-id=\"0b1c68f\" data-element_type=\"widget\" data-widget_type=\"heading.default\">\n\t\t\t\t<div class=\"elementor-widget-container\">\n\t\t\t<h2 class=\"elementor-heading-title elementor-size-default\">Como actua?<\/h2>\t\t<\/div>\n\t\t\t\t<\/div>\n\t\t\t\t<div class=\"elementor-element elementor-element-ad1f513 elementor-widget elementor-widget-text-editor\" data-id=\"ad1f513\" data-element_type=\"widget\" data-widget_type=\"text-editor.default\">\n\t\t\t\t<div class=\"elementor-widget-container\">\n\t\t\t\t\t\t\t<p class=\"font_7\">A radia\u00e7\u00e3o infravermelha (IV) \u00e9 uma forma de radia\u00e7\u00e3o n\u00e3o ionizante, invis\u00edvel a olho nu, que produz um ligeiro efeito de aquecimento na superf\u00edcie do corpo. Os ambientes de sauna de infravermelhos utilizam energia IV controlada para criar uma experi\u00eancia t\u00e9rmica confort\u00e1vel, geralmente associada ao relaxamento e ao bem-estar f\u00edsico. Este tipo de exposi\u00e7\u00e3o n\u00e3o \u00e9 invasivo, n\u00e3o envolve contacto direto e \u00e9 geralmente bem tolerado quando utilizado adequadamente, tornando-se uma op\u00e7\u00e3o popular em ambientes orientados para o bem-estar e relaxamento.<\/p>\t\t\t\t\t\t<\/div>\n\t\t\t\t<\/div>\n\t\t\t\t<div class=\"elementor-element elementor-element-f8bfa2b elementor-widget-divider--view-line elementor-widget elementor-widget-divider\" data-id=\"f8bfa2b\" data-element_type=\"widget\" data-widget_type=\"divider.default\">\n\t\t\t\t<div class=\"elementor-widget-container\">\n\t\t\t\t\t<div class=\"elementor-divider\">\n\t\t\t<span class=\"elementor-divider-separator\">\n\t\t\t\t\t\t<\/span>\n\t\t<\/div>\n\t\t\t\t<\/div>\n\t\t\t\t<\/div>\n\t\t\t\t<div class=\"elementor-element elementor-element-cff39e7 elementor-widget elementor-widget-text-editor\" data-id=\"cff39e7\" data-element_type=\"widget\" data-widget_type=\"text-editor.default\">\n\t\t\t\t<div class=\"elementor-widget-container\">\n\t\t\t\t\t\t\t<p style=\"text-align: center;\">Pode ser utilizado para relaxamento, conforto f\u00edsico e uma maior sensa\u00e7\u00e3o de leveza e bem-estar geral.<\/p>\t\t\t\t\t\t<\/div>\n\t\t\t\t<\/div>\n\t\t\t\t\t<\/div>\n\t\t<\/div>\n\t\t\t\t\t<\/div>\n\t\t<\/section>\n\t\t\t\t\t<\/div>\n\t\t<\/div>\n\t\t\t\t\t<\/div>\n\t\t<\/section>\n\t\t\t\t<\/div>","protected":false},"excerpt":{"rendered":"<p>How does it work? Infrared radiation (IR) is a form of non-ionizing radiation, invisible to the naked eye, that produces a gentle warming effect at the surface of the body. Infrared sauna environments use controlled IR energy to create a comfortable thermal experience, commonly associated with relaxation and physical comfort. This type of exposure is [&hellip;]<\/p>","protected":false},"author":1,"featured_media":0,"parent":0,"menu_order":0,"comment_status":"closed","ping_status":"closed","template":"","meta":{"footnotes":""},"_links":{"self":[{"href":"https:\/\/www.int-medicine.com\/pt\/wp-json\/wp\/v2\/pages\/31"}],"collection":[{"href":"https:\/\/www.int-medicine.com\/pt\/wp-json\/wp\/v2\/pages"}],"about":[{"href":"https:\/\/www.int-medicine.com\/pt\/wp-json\/wp\/v2\/types\/page"}],"author":[{"embeddable":true,"href":"https:\/\/www.int-medicine.com\/pt\/wp-json\/wp\/v2\/users\/1"}],"replies":[{"embeddable":true,"href":"https:\/\/www.int-medicine.com\/pt\/wp-json\/wp\/v2\/comments?post=31"}],"version-history":[{"count":23,"href":"https:\/\/www.int-medicine.com\/pt\/wp-json\/wp\/v2\/pages\/31\/revisions"}],"predecessor-version":[{"id":1608,"href":"https:\/\/www.int-medicine.com\/pt\/wp-json\/wp\/v2\/pages\/31\/revisions\/1608"}],"wp:attachment":[{"href":"https:\/\/www.int-medicine.com\/pt\/wp-json\/wp\/v2\/media?parent=31"}],"curies":[{"name":"wp","href":"https:\/\/api.w.org\/{rel}","templated":true}]}}