{"id":29,"date":"2021-08-17T14:17:29","date_gmt":"2021-08-17T14:17:29","guid":{"rendered":"https:\/\/www.int-medicine.com\/?page_id=29"},"modified":"2026-02-04T16:35:14","modified_gmt":"2026-02-04T16:35:14","slug":"nanopulse","status":"publish","type":"page","link":"https:\/\/www.int-medicine.com\/pt\/nanopulse\/","title":{"rendered":"Nanopulse"},"content":{"rendered":"<div data-elementor-type=\"wp-page\" data-elementor-id=\"29\" class=\"elementor elementor-29\" data-elementor-post-type=\"page\">\n\t\t\t\t\t\t<section class=\"elementor-section elementor-top-section elementor-element elementor-element-d66a989 animated-fast elementor-section-boxed elementor-section-height-default elementor-section-height-default elementor-invisible\" data-id=\"d66a989\" data-element_type=\"section\" data-settings=\"{&quot;animation&quot;:&quot;fadeIn&quot;}\">\n\t\t\t\t\t\t<div class=\"elementor-container elementor-column-gap-default\">\n\t\t\t\t\t<div class=\"elementor-column elementor-col-100 elementor-top-column elementor-element elementor-element-965672f\" data-id=\"965672f\" data-element_type=\"column\">\n\t\t\t<div class=\"elementor-widget-wrap elementor-element-populated\">\n\t\t\t\t\t\t<section class=\"elementor-section elementor-inner-section elementor-element elementor-element-b33885e elementor-section-boxed elementor-section-height-default elementor-section-height-default\" data-id=\"b33885e\" data-element_type=\"section\">\n\t\t\t\t\t\t<div class=\"elementor-container elementor-column-gap-default\">\n\t\t\t\t\t<div class=\"elementor-column elementor-col-50 elementor-inner-column elementor-element elementor-element-f3d41ba elementor-invisible\" data-id=\"f3d41ba\" data-element_type=\"column\" data-settings=\"{&quot;background_background&quot;:&quot;classic&quot;,&quot;animation&quot;:&quot;fadeIn&quot;,&quot;animation_delay&quot;:300}\">\n\t\t\t<div class=\"elementor-widget-wrap elementor-element-populated\">\n\t\t\t\t\t\t<div class=\"elementor-element elementor-element-0c37cc9 elementor-widget__width-initial elementor-widget elementor-widget-spacer\" data-id=\"0c37cc9\" data-element_type=\"widget\" data-widget_type=\"spacer.default\">\n\t\t\t\t<div class=\"elementor-widget-container\">\n\t\t\t\t\t<div class=\"elementor-spacer\">\n\t\t\t<div class=\"elementor-spacer-inner\"><\/div>\n\t\t<\/div>\n\t\t\t\t<\/div>\n\t\t\t\t<\/div>\n\t\t\t\t\t<\/div>\n\t\t<\/div>\n\t\t\t\t<div class=\"elementor-column elementor-col-50 elementor-inner-column elementor-element elementor-element-ce282c6\" data-id=\"ce282c6\" data-element_type=\"column\">\n\t\t\t<div class=\"elementor-widget-wrap elementor-element-populated\">\n\t\t\t\t\t\t<div class=\"elementor-element elementor-element-6a55325 elementor-widget elementor-widget-heading\" data-id=\"6a55325\" data-element_type=\"widget\" data-widget_type=\"heading.default\">\n\t\t\t\t<div class=\"elementor-widget-container\">\n\t\t\t<h2 class=\"elementor-heading-title elementor-size-default\">O que \u00e9?<\/h2>\t\t<\/div>\n\t\t\t\t<\/div>\n\t\t\t\t<div class=\"elementor-element elementor-element-40c0d97 elementor-widget elementor-widget-text-editor\" data-id=\"40c0d97\" data-element_type=\"widget\" data-widget_type=\"text-editor.default\">\n\t\t\t\t<div class=\"elementor-widget-container\">\n\t\t\t\t\t\t\t<p class=\"font_7\">Trata-se de um sistema n\u00e3o invasivo concebido exclusivamente para a aplica\u00e7\u00e3o de campos magn\u00e9ticos pulsados \u200b\u200bcom o objetivo de promover o bem-estar e o equil\u00edbrio energ\u00e9tico. Este equipamento n\u00e3o \u00e9 um dispositivo m\u00e9dico e n\u00e3o substitui a avalia\u00e7\u00e3o, o diagn\u00f3stico ou o tratamento de qualquer profissional de sa\u00fade.<br \/>Cada sess\u00e3o pode demorar entre 3 a 20 minutos e a intensidade de aplica\u00e7\u00e3o \u00e9 gerida pelo terapeuta com base no feedback do utente.<\/p>\t\t\t\t\t\t<\/div>\n\t\t\t\t<\/div>\n\t\t\t\t<div class=\"elementor-element elementor-element-3485c3e elementor-widget elementor-widget-heading\" data-id=\"3485c3e\" data-element_type=\"widget\" data-widget_type=\"heading.default\">\n\t\t\t\t<div class=\"elementor-widget-container\">\n\t\t\t<h2 class=\"elementor-heading-title elementor-size-default\">Quais as aplica\u00e7\u00f5es?<\/h2>\t\t<\/div>\n\t\t\t\t<\/div>\n\t\t\t\t<div class=\"elementor-element elementor-element-7837df4 elementor-widget elementor-widget-text-editor\" data-id=\"7837df4\" data-element_type=\"widget\" data-widget_type=\"text-editor.default\">\n\t\t\t\t<div class=\"elementor-widget-container\">\n\t\t\t\t\t\t\t<p class=\"font_7\">O sistema \u00e9 utilizado em contextos orientados para o bem-estar, com o objetivo de promover o relaxamento, o equil\u00edbrio energ\u00e9tico e uma sensa\u00e7\u00e3o geral de conforto. A sua aplica\u00e7\u00e3o centra-se na utiliza\u00e7\u00e3o n\u00e3o cl\u00ednica, em sess\u00f5es destinadas a promover o bem-estar e uma experi\u00eancia bioenerg\u00e9tica equilibrada.<\/p>\t\t\t\t\t\t<\/div>\n\t\t\t\t<\/div>\n\t\t\t\t\t<\/div>\n\t\t<\/div>\n\t\t\t\t\t<\/div>\n\t\t<\/section>\n\t\t\t\t\t<\/div>\n\t\t<\/div>\n\t\t\t\t\t<\/div>\n\t\t<\/section>\n\t\t\t\t<section class=\"elementor-section elementor-top-section elementor-element elementor-element-431fa40 animated-fast elementor-section-boxed elementor-section-height-default elementor-section-height-default elementor-invisible\" data-id=\"431fa40\" data-element_type=\"section\" data-settings=\"{&quot;animation&quot;:&quot;fadeInUp&quot;}\">\n\t\t\t\t\t\t<div class=\"elementor-container elementor-column-gap-default\">\n\t\t\t\t\t<div class=\"elementor-column elementor-col-100 elementor-top-column elementor-element elementor-element-46ac9ef\" data-id=\"46ac9ef\" data-element_type=\"column\">\n\t\t\t<div class=\"elementor-widget-wrap elementor-element-populated\">\n\t\t\t\t\t\t<section class=\"elementor-section elementor-inner-section elementor-element elementor-element-4c45519 elementor-section-boxed elementor-section-height-default elementor-section-height-default\" data-id=\"4c45519\" data-element_type=\"section\">\n\t\t\t\t\t\t<div class=\"elementor-container elementor-column-gap-default\">\n\t\t\t\t\t<div class=\"elementor-column elementor-col-50 elementor-inner-column elementor-element elementor-element-df3973a\" data-id=\"df3973a\" data-element_type=\"column\">\n\t\t\t<div class=\"elementor-widget-wrap elementor-element-populated\">\n\t\t\t\t\t\t<div class=\"elementor-element elementor-element-515ca38 elementor-widget elementor-widget-heading\" data-id=\"515ca38\" data-element_type=\"widget\" data-widget_type=\"heading.default\">\n\t\t\t\t<div class=\"elementor-widget-container\">\n\t\t\t<h2 class=\"elementor-heading-title elementor-size-default\">Como actua?<\/h2>\t\t<\/div>\n\t\t\t\t<\/div>\n\t\t\t\t<div class=\"elementor-element elementor-element-d5ddb0b elementor-widget elementor-widget-text-editor\" data-id=\"d5ddb0b\" data-element_type=\"widget\" data-widget_type=\"text-editor.default\">\n\t\t\t\t<div class=\"elementor-widget-container\">\n\t\t\t\t\t\t\t<p>O equipamento gera campos magn\u00e9ticos pulsados \u200b\u200bde baixa frequ\u00eancia que interagem com o corpo a n\u00edvel energ\u00e9tico e bioel\u00e9trico. Estes campos s\u00e3o aplicados atrav\u00e9s de acess\u00f3rios espec\u00edficos e par\u00e2metros controlados, criando uma experi\u00eancia n\u00e3o invasiva geralmente associada a conforto, relaxamento e sensa\u00e7\u00e3o de vitalidade. O sistema opera sem contacto mec\u00e2nico ou procedimentos invasivos.<\/p>\t\t\t\t\t\t<\/div>\n\t\t\t\t<\/div>\n\t\t\t\t<div class=\"elementor-element elementor-element-528704e elementor-widget elementor-widget-heading\" data-id=\"528704e\" data-element_type=\"widget\" data-widget_type=\"heading.default\">\n\t\t\t\t<div class=\"elementor-widget-container\">\n\t\t\t<h2 class=\"elementor-heading-title elementor-size-default\">Contra-indica\u00e7\u00f5es<\/h2>\t\t<\/div>\n\t\t\t\t<\/div>\n\t\t\t\t<div class=\"elementor-element elementor-element-4a3147a elementor-widget elementor-widget-text-editor\" data-id=\"4a3147a\" data-element_type=\"widget\" data-widget_type=\"text-editor.default\">\n\t\t\t\t<div class=\"elementor-widget-container\">\n\t\t\t\t\t\t\t<p class=\"font_7\">- Pacemaker<br \/>- Gr\u00e1vidas<br \/>- Utilizar sobre uma zona do corpo com pr\u00f3tese met\u00e1lica<\/p>\t\t\t\t\t\t<\/div>\n\t\t\t\t<\/div>\n\t\t\t\t\t<\/div>\n\t\t<\/div>\n\t\t\t\t<div class=\"elementor-column elementor-col-50 elementor-inner-column elementor-element elementor-element-3424596 elementor-invisible\" data-id=\"3424596\" data-element_type=\"column\" data-settings=\"{&quot;background_background&quot;:&quot;classic&quot;,&quot;animation&quot;:&quot;fadeIn&quot;,&quot;animation_delay&quot;:400}\">\n\t\t\t<div class=\"elementor-widget-wrap elementor-element-populated\">\n\t\t\t\t\t\t<div class=\"elementor-element elementor-element-d73db46 elementor-widget elementor-widget-spacer\" data-id=\"d73db46\" data-element_type=\"widget\" data-widget_type=\"spacer.default\">\n\t\t\t\t<div class=\"elementor-widget-container\">\n\t\t\t\t\t<div class=\"elementor-spacer\">\n\t\t\t<div class=\"elementor-spacer-inner\"><\/div>\n\t\t<\/div>\n\t\t\t\t<\/div>\n\t\t\t\t<\/div>\n\t\t\t\t\t<\/div>\n\t\t<\/div>\n\t\t\t\t\t<\/div>\n\t\t<\/section>\n\t\t\t\t\t<\/div>\n\t\t<\/div>\n\t\t\t\t\t<\/div>\n\t\t<\/section>\n\t\t\t\t<\/div>","protected":false},"excerpt":{"rendered":"<p>What is? It is a non-invasive system designed exclusively for the application of pulsed magnetic fields for wellness and energetic balance purposes. This equipment is not a medical device and does not replace the evaluation, diagnosis or treatment of any healthcare professional.Each session can take between 3 to 20 minutes and the intensity of application [&hellip;]<\/p>","protected":false},"author":1,"featured_media":0,"parent":0,"menu_order":0,"comment_status":"closed","ping_status":"closed","template":"","meta":{"footnotes":""},"_links":{"self":[{"href":"https:\/\/www.int-medicine.com\/pt\/wp-json\/wp\/v2\/pages\/29"}],"collection":[{"href":"https:\/\/www.int-medicine.com\/pt\/wp-json\/wp\/v2\/pages"}],"about":[{"href":"https:\/\/www.int-medicine.com\/pt\/wp-json\/wp\/v2\/types\/page"}],"author":[{"embeddable":true,"href":"https:\/\/www.int-medicine.com\/pt\/wp-json\/wp\/v2\/users\/1"}],"replies":[{"embeddable":true,"href":"https:\/\/www.int-medicine.com\/pt\/wp-json\/wp\/v2\/comments?post=29"}],"version-history":[{"count":28,"href":"https:\/\/www.int-medicine.com\/pt\/wp-json\/wp\/v2\/pages\/29\/revisions"}],"predecessor-version":[{"id":1541,"href":"https:\/\/www.int-medicine.com\/pt\/wp-json\/wp\/v2\/pages\/29\/revisions\/1541"}],"wp:attachment":[{"href":"https:\/\/www.int-medicine.com\/pt\/wp-json\/wp\/v2\/media?parent=29"}],"curies":[{"name":"wp","href":"https:\/\/api.w.org\/{rel}","templated":true}]}}