{"id":27,"date":"2021-08-17T14:13:03","date_gmt":"2021-08-17T14:13:03","guid":{"rendered":"https:\/\/www.int-medicine.com\/?page_id=27"},"modified":"2026-02-04T18:04:22","modified_gmt":"2026-02-04T18:04:22","slug":"timewaver","status":"publish","type":"page","link":"https:\/\/www.int-medicine.com\/pt\/timewaver\/","title":{"rendered":"TimeWaver"},"content":{"rendered":"<div data-elementor-type=\"wp-page\" data-elementor-id=\"27\" class=\"elementor elementor-27\" data-elementor-post-type=\"page\">\n\t\t\t\t\t\t<section class=\"elementor-section elementor-top-section elementor-element elementor-element-801261d animated-fast elementor-section-boxed elementor-section-height-default elementor-section-height-default elementor-invisible\" data-id=\"801261d\" data-element_type=\"section\" data-settings=\"{&quot;animation&quot;:&quot;fadeIn&quot;}\">\n\t\t\t\t\t\t<div class=\"elementor-container elementor-column-gap-default\">\n\t\t\t\t\t<div class=\"elementor-column elementor-col-100 elementor-top-column elementor-element elementor-element-b92e92a\" data-id=\"b92e92a\" data-element_type=\"column\">\n\t\t\t<div class=\"elementor-widget-wrap elementor-element-populated\">\n\t\t\t\t\t\t<section class=\"elementor-section elementor-inner-section elementor-element elementor-element-4533daf elementor-section-boxed elementor-section-height-default elementor-section-height-default\" data-id=\"4533daf\" data-element_type=\"section\">\n\t\t\t\t\t\t<div class=\"elementor-container elementor-column-gap-default\">\n\t\t\t\t\t<div class=\"elementor-column elementor-col-50 elementor-inner-column elementor-element elementor-element-caeaec6 elementor-invisible\" data-id=\"caeaec6\" data-element_type=\"column\" data-settings=\"{&quot;background_background&quot;:&quot;classic&quot;,&quot;animation&quot;:&quot;fadeIn&quot;,&quot;animation_delay&quot;:300}\">\n\t\t\t<div class=\"elementor-widget-wrap elementor-element-populated\">\n\t\t\t\t\t\t<div class=\"elementor-element elementor-element-18f6fb1 elementor-widget elementor-widget-spacer\" data-id=\"18f6fb1\" data-element_type=\"widget\" data-widget_type=\"spacer.default\">\n\t\t\t\t<div class=\"elementor-widget-container\">\n\t\t\t\t\t<div class=\"elementor-spacer\">\n\t\t\t<div class=\"elementor-spacer-inner\"><\/div>\n\t\t<\/div>\n\t\t\t\t<\/div>\n\t\t\t\t<\/div>\n\t\t\t\t\t<\/div>\n\t\t<\/div>\n\t\t\t\t<div class=\"elementor-column elementor-col-50 elementor-inner-column elementor-element elementor-element-ce18e83\" data-id=\"ce18e83\" data-element_type=\"column\">\n\t\t\t<div class=\"elementor-widget-wrap elementor-element-populated\">\n\t\t\t\t\t\t<div class=\"elementor-element elementor-element-ab9f9fc elementor-widget elementor-widget-heading\" data-id=\"ab9f9fc\" data-element_type=\"widget\" data-widget_type=\"heading.default\">\n\t\t\t\t<div class=\"elementor-widget-container\">\n\t\t\t<h2 class=\"elementor-heading-title elementor-size-default\"><i>TimeWaver<\/i><br>Como actua?<\/h2>\t\t<\/div>\n\t\t\t\t<\/div>\n\t\t\t\t<div class=\"elementor-element elementor-element-583de91 elementor-widget elementor-widget-text-editor\" data-id=\"583de91\" data-element_type=\"widget\" data-widget_type=\"text-editor.default\">\n\t\t\t\t<div class=\"elementor-widget-container\">\n\t\t\t\t\t\t\t<p data-start=\"517\" data-end=\"693\"><strong>O TimeWaver utiliza frequ\u00eancias precisas e sinais el\u00e9tricos de baixa intensidade dentro de uma estrutura informacional concebida para apoiar a organiza\u00e7\u00e3o celular e o equil\u00edbrio bioel\u00e9trico.<\/strong><\/p><p data-start=\"700\" data-end=\"1071\">A investiga\u00e7\u00e3o cient\u00edfica em biof\u00edsica e fisiologia celular demonstrou que os canais i\u00f3nicos e a sinaliza\u00e7\u00e3o el\u00e9trica desempenham um papel fundamental na comunica\u00e7\u00e3o e organiza\u00e7\u00e3o celular. Em 1991, o trabalho de Bert Sakmann e Erwin Neher, laureados com o Pr\u00e9mio Nobel, contribuiu para uma compreens\u00e3o mais profunda dos canais i\u00f3nicos e do seu papel nos processos bioel\u00e9tricos celulares.<\/p><p data-start=\"1078\" data-end=\"1271\">Pesquisas subsequentes exploraram como os sinais el\u00e9tricos de baixa voltagem interagem com ambientes i\u00f3nicos e gradientes eletroqu\u00edmicos, influenciando a comunica\u00e7\u00e3o celular e a organiza\u00e7\u00e3o funcional.<\/p><p data-start=\"1278\" data-end=\"1528\"><strong>O TimeWaver opera a este n\u00edvel informacional e bioel\u00e9trico, focando-se no suporte \u00e0 coer\u00eancia dentro dos ambientes intra e extracelulares e favorecendo condi\u00e7\u00f5es associadas a uma distribui\u00e7\u00e3o i\u00f3nica equilibrada e a uma comunica\u00e7\u00e3o celular eficaz.<br \/><\/strong>Esta informa\u00e7\u00e3o \u00e9 fornecida apenas para fins educativos e de bem-estar e n\u00e3o constitui aconselhamento ou tratamento m\u00e9dico.<strong><br \/><\/strong><\/p>\t\t\t\t\t\t<\/div>\n\t\t\t\t<\/div>\n\t\t\t\t\t<\/div>\n\t\t<\/div>\n\t\t\t\t\t<\/div>\n\t\t<\/section>\n\t\t\t\t\t<\/div>\n\t\t<\/div>\n\t\t\t\t\t<\/div>\n\t\t<\/section>\n\t\t\t\t<section class=\"elementor-section elementor-top-section elementor-element elementor-element-f5380fe animated-fast elementor-section-boxed elementor-section-height-default elementor-section-height-default elementor-invisible\" data-id=\"f5380fe\" data-element_type=\"section\" data-settings=\"{&quot;background_background&quot;:&quot;classic&quot;,&quot;animation&quot;:&quot;fadeInUp&quot;}\">\n\t\t\t\t\t\t<div class=\"elementor-container elementor-column-gap-default\">\n\t\t\t\t\t<div class=\"elementor-column elementor-col-100 elementor-top-column elementor-element elementor-element-46e0fc6\" data-id=\"46e0fc6\" data-element_type=\"column\">\n\t\t\t<div class=\"elementor-widget-wrap elementor-element-populated\">\n\t\t\t\t\t\t<section class=\"elementor-section elementor-inner-section elementor-element elementor-element-6a91792 elementor-section-boxed elementor-section-height-default elementor-section-height-default\" data-id=\"6a91792\" data-element_type=\"section\">\n\t\t\t\t\t\t<div class=\"elementor-container elementor-column-gap-default\">\n\t\t\t\t\t<div class=\"elementor-column elementor-col-50 elementor-inner-column elementor-element elementor-element-39053ad\" data-id=\"39053ad\" data-element_type=\"column\">\n\t\t\t<div class=\"elementor-widget-wrap elementor-element-populated\">\n\t\t\t\t\t\t<div class=\"elementor-element elementor-element-039e0fa animated-fast elementor-invisible elementor-widget elementor-widget-text-editor\" data-id=\"039e0fa\" data-element_type=\"widget\" data-settings=\"{&quot;_animation&quot;:&quot;fadeInLeft&quot;}\" data-widget_type=\"text-editor.default\">\n\t\t\t\t<div class=\"elementor-widget-container\">\n\t\t\t\t\t\t\t<p>O Sistema de Frequ\u00eancias TimeWaver \u00e9 um dispositivo de bem-estar desenvolvido por Nuno Nina em coopera\u00e7\u00e3o com a TimeWaver, concebido para promover o equil\u00edbrio, a coer\u00eancia e o bem-estar geral atrav\u00e9s de uma abordagem informacional e bioel\u00e9trica.<\/p>\t\t\t\t\t\t<\/div>\n\t\t\t\t<\/div>\n\t\t\t\t\t<\/div>\n\t\t<\/div>\n\t\t\t\t<div class=\"elementor-column elementor-col-50 elementor-inner-column elementor-element elementor-element-6c91e23\" data-id=\"6c91e23\" data-element_type=\"column\">\n\t\t\t<div class=\"elementor-widget-wrap elementor-element-populated\">\n\t\t\t\t\t\t<div class=\"elementor-element elementor-element-9d28c51 elementor-invisible elementor-widget elementor-widget-image\" data-id=\"9d28c51\" data-element_type=\"widget\" data-settings=\"{&quot;_animation&quot;:&quot;fadeIn&quot;,&quot;_animation_delay&quot;:200}\" data-widget_type=\"image.default\">\n\t\t\t\t<div class=\"elementor-widget-container\">\n\t\t\t\t\t\t\t\t\t\t\t\t\t<img fetchpriority=\"high\" decoding=\"async\" width=\"800\" height=\"592\" src=\"https:\/\/www.int-medicine.com\/wp-content\/uploads\/2026\/02\/TimeWaver.png\" class=\"attachment-full size-full wp-image-1582\" alt=\"\" srcset=\"https:\/\/www.int-medicine.com\/wp-content\/uploads\/2026\/02\/TimeWaver.png 800w, https:\/\/www.int-medicine.com\/wp-content\/uploads\/2026\/02\/TimeWaver-300x222.png 300w, https:\/\/www.int-medicine.com\/wp-content\/uploads\/2026\/02\/TimeWaver-768x568.png 768w, https:\/\/www.int-medicine.com\/wp-content\/uploads\/2026\/02\/TimeWaver-16x12.png 16w\" sizes=\"(max-width: 800px) 100vw, 800px\" \/>\t\t\t\t\t\t\t\t\t\t\t\t\t<\/div>\n\t\t\t\t<\/div>\n\t\t\t\t\t<\/div>\n\t\t<\/div>\n\t\t\t\t\t<\/div>\n\t\t<\/section>\n\t\t\t\t\t<\/div>\n\t\t<\/div>\n\t\t\t\t\t<\/div>\n\t\t<\/section>\n\t\t\t\t<section class=\"elementor-section elementor-top-section elementor-element elementor-element-bddf5a5 animated-fast elementor-section-boxed elementor-section-height-default elementor-section-height-default elementor-invisible\" data-id=\"bddf5a5\" data-element_type=\"section\" data-settings=\"{&quot;background_background&quot;:&quot;classic&quot;,&quot;animation&quot;:&quot;fadeInUp&quot;}\">\n\t\t\t\t\t\t<div class=\"elementor-container elementor-column-gap-default\">\n\t\t\t\t\t<div class=\"elementor-column elementor-col-100 elementor-top-column elementor-element elementor-element-ab2a711\" data-id=\"ab2a711\" data-element_type=\"column\">\n\t\t\t<div class=\"elementor-widget-wrap elementor-element-populated\">\n\t\t\t\t\t\t<section class=\"elementor-section elementor-inner-section elementor-element elementor-element-a47bb53 elementor-section-boxed elementor-section-height-default elementor-section-height-default\" data-id=\"a47bb53\" data-element_type=\"section\">\n\t\t\t\t\t\t<div class=\"elementor-container elementor-column-gap-default\">\n\t\t\t\t\t<div class=\"elementor-column elementor-col-50 elementor-inner-column elementor-element elementor-element-802b366\" data-id=\"802b366\" data-element_type=\"column\">\n\t\t\t<div class=\"elementor-widget-wrap elementor-element-populated\">\n\t\t\t\t\t\t<div class=\"elementor-element elementor-element-7dccacb elementor-invisible elementor-widget elementor-widget-image\" data-id=\"7dccacb\" data-element_type=\"widget\" data-settings=\"{&quot;_animation&quot;:&quot;fadeIn&quot;,&quot;_animation_delay&quot;:400}\" data-widget_type=\"image.default\">\n\t\t\t\t<div class=\"elementor-widget-container\">\n\t\t\t\t\t\t\t\t\t\t\t\t\t<img decoding=\"async\" width=\"762\" height=\"478\" src=\"https:\/\/www.int-medicine.com\/wp-content\/uploads\/2026\/02\/Untitled.png\" class=\"attachment-full size-full wp-image-1581\" alt=\"\" srcset=\"https:\/\/www.int-medicine.com\/wp-content\/uploads\/2026\/02\/Untitled.png 762w, https:\/\/www.int-medicine.com\/wp-content\/uploads\/2026\/02\/Untitled-300x188.png 300w, https:\/\/www.int-medicine.com\/wp-content\/uploads\/2026\/02\/Untitled-18x12.png 18w\" sizes=\"(max-width: 762px) 100vw, 762px\" \/>\t\t\t\t\t\t\t\t\t\t\t\t\t<\/div>\n\t\t\t\t<\/div>\n\t\t\t\t\t<\/div>\n\t\t<\/div>\n\t\t\t\t<div class=\"elementor-column elementor-col-50 elementor-inner-column elementor-element elementor-element-c730187\" data-id=\"c730187\" data-element_type=\"column\">\n\t\t\t<div class=\"elementor-widget-wrap elementor-element-populated\">\n\t\t\t\t\t\t<div class=\"elementor-element elementor-element-0b89496 animated-fast elementor-invisible elementor-widget elementor-widget-text-editor\" data-id=\"0b89496\" data-element_type=\"widget\" data-settings=\"{&quot;_animation&quot;:&quot;fadeInRight&quot;}\" data-widget_type=\"text-editor.default\">\n\t\t\t\t<div class=\"elementor-widget-container\">\n\t\t\t\t\t\t\t<p>O sistema TimeWaver est\u00e1 tamb\u00e9m dispon\u00edvel em vers\u00e3o port\u00e1til (TimeWaver Home), permitindo que as sess\u00f5es sejam realizadas confortavelmente em casa. O dispositivo \u00e9 pr\u00e9-configurado por um profissional qualificado, que define o programa de acordo com as necessidades individuais dentro de uma estrutura de bem-estar organizada.<\/p>\t\t\t\t\t\t<\/div>\n\t\t\t\t<\/div>\n\t\t\t\t\t<\/div>\n\t\t<\/div>\n\t\t\t\t\t<\/div>\n\t\t<\/section>\n\t\t\t\t\t<\/div>\n\t\t<\/div>\n\t\t\t\t\t<\/div>\n\t\t<\/section>\n\t\t\t\t<section class=\"elementor-section elementor-top-section elementor-element elementor-element-7a4cee4 animated-fast elementor-section-boxed elementor-section-height-default elementor-section-height-default elementor-invisible\" data-id=\"7a4cee4\" data-element_type=\"section\" data-settings=\"{&quot;animation&quot;:&quot;fadeInUp&quot;}\">\n\t\t\t\t\t\t<div class=\"elementor-container elementor-column-gap-default\">\n\t\t\t\t\t<div class=\"elementor-column elementor-col-100 elementor-top-column elementor-element elementor-element-5c6fa56\" data-id=\"5c6fa56\" data-element_type=\"column\">\n\t\t\t<div class=\"elementor-widget-wrap elementor-element-populated\">\n\t\t\t\t\t\t<section class=\"elementor-section elementor-inner-section elementor-element elementor-element-8f1dcd4 elementor-section-boxed elementor-section-height-default elementor-section-height-default\" data-id=\"8f1dcd4\" data-element_type=\"section\">\n\t\t\t\t\t\t<div class=\"elementor-container elementor-column-gap-default\">\n\t\t\t\t\t<div class=\"elementor-column elementor-col-50 elementor-inner-column elementor-element elementor-element-b65b2ac\" data-id=\"b65b2ac\" data-element_type=\"column\">\n\t\t\t<div class=\"elementor-widget-wrap elementor-element-populated\">\n\t\t\t\t\t\t<div class=\"elementor-element elementor-element-55b580d elementor-widget elementor-widget-heading\" data-id=\"55b580d\" data-element_type=\"widget\" data-widget_type=\"heading.default\">\n\t\t\t\t<div class=\"elementor-widget-container\">\n\t\t\t<h2 class=\"elementor-heading-title elementor-size-default\">Porqu\u00ea a TimeWaver Frequency?<\/h2>\t\t<\/div>\n\t\t\t\t<\/div>\n\t\t\t\t<div class=\"elementor-element elementor-element-7318472 elementor-widget elementor-widget-text-editor\" data-id=\"7318472\" data-element_type=\"widget\" data-widget_type=\"text-editor.default\">\n\t\t\t\t<div class=\"elementor-widget-container\">\n\t\t\t\t\t\t\t<p data-start=\"335\" data-end=\"626\">A n\u00edvel at\u00f3mico e subat\u00f3mico, nada \u00e9 est\u00e1tico. Toda a mat\u00e9ria est\u00e1 em constante movimento, e tudo o que se move expressa uma frequ\u00eancia espec\u00edfica, medida em Hertz (Hz). Estas frequ\u00eancias podem ser maiores ou menores, dependendo do n\u00famero de oscila\u00e7\u00f5es que ocorrem num determinado per\u00edodo de tempo.<\/p><p data-start=\"628\" data-end=\"851\">As c\u00e9lulas do corpo humano operam dentro de gamas de frequ\u00eancia espec\u00edficas, funcionando em conjunto como um sistema coordenado. Quando um elemento se dessincroniza, esta perda de coer\u00eancia pode influenciar a organiza\u00e7\u00e3o biol\u00f3gica como um todo.<\/p><p data-start=\"853\" data-end=\"1098\">As frequ\u00eancias atuam como linguagem informativa na comunica\u00e7\u00e3o celular. O trabalho de Nuno Nina nesta \u00e1rea levou ao desenvolvimento das <strong data-start=\"986\" data-end=\"1006\">Frequ\u00eancias Douradas<\/strong>, concebidas para suportar a coer\u00eancia bioel\u00e9trica e o equil\u00edbrio natural do potencial de membrana.<\/p>\t\t\t\t\t\t<\/div>\n\t\t\t\t<\/div>\n\t\t\t\t\t<\/div>\n\t\t<\/div>\n\t\t\t\t<div class=\"elementor-column elementor-col-50 elementor-inner-column elementor-element elementor-element-cd13d7d elementor-invisible\" data-id=\"cd13d7d\" data-element_type=\"column\" data-settings=\"{&quot;background_background&quot;:&quot;classic&quot;,&quot;animation&quot;:&quot;fadeIn&quot;,&quot;animation_delay&quot;:200}\">\n\t\t\t<div class=\"elementor-widget-wrap elementor-element-populated\">\n\t\t\t\t\t\t<div class=\"elementor-element elementor-element-a5c4694 elementor-widget elementor-widget-spacer\" data-id=\"a5c4694\" data-element_type=\"widget\" data-widget_type=\"spacer.default\">\n\t\t\t\t<div class=\"elementor-widget-container\">\n\t\t\t\t\t<div class=\"elementor-spacer\">\n\t\t\t<div class=\"elementor-spacer-inner\"><\/div>\n\t\t<\/div>\n\t\t\t\t<\/div>\n\t\t\t\t<\/div>\n\t\t\t\t\t<\/div>\n\t\t<\/div>\n\t\t\t\t\t<\/div>\n\t\t<\/section>\n\t\t\t\t\t<\/div>\n\t\t<\/div>\n\t\t\t\t\t<\/div>\n\t\t<\/section>\n\t\t\t\t<section class=\"elementor-section elementor-top-section elementor-element elementor-element-c9c1e6c animated-fast elementor-section-boxed elementor-section-height-default elementor-section-height-default elementor-invisible\" data-id=\"c9c1e6c\" data-element_type=\"section\" data-settings=\"{&quot;animation&quot;:&quot;fadeInUp&quot;,&quot;background_background&quot;:&quot;classic&quot;}\">\n\t\t\t\t\t\t<div class=\"elementor-container elementor-column-gap-default\">\n\t\t\t\t\t<div class=\"elementor-column elementor-col-100 elementor-top-column elementor-element elementor-element-0765893\" data-id=\"0765893\" data-element_type=\"column\">\n\t\t\t<div class=\"elementor-widget-wrap elementor-element-populated\">\n\t\t\t\t\t\t<section class=\"elementor-section elementor-inner-section elementor-element elementor-element-ec69bc4 elementor-section-boxed elementor-section-height-default elementor-section-height-default\" data-id=\"ec69bc4\" data-element_type=\"section\">\n\t\t\t\t\t\t<div class=\"elementor-container elementor-column-gap-default\">\n\t\t\t\t\t<div class=\"elementor-column elementor-col-100 elementor-inner-column elementor-element elementor-element-6abefb0\" data-id=\"6abefb0\" data-element_type=\"column\">\n\t\t\t<div class=\"elementor-widget-wrap elementor-element-populated\">\n\t\t\t\t\t\t<div class=\"elementor-element elementor-element-408bd98 elementor-widget elementor-widget-heading\" data-id=\"408bd98\" data-element_type=\"widget\" data-widget_type=\"heading.default\">\n\t\t\t\t<div class=\"elementor-widget-container\">\n\t\t\t<h2 class=\"elementor-heading-title elementor-size-default\">Em que casos pode ser aplicado?<\/h2>\t\t<\/div>\n\t\t\t\t<\/div>\n\t\t\t\t<div class=\"elementor-element elementor-element-e1598b9 elementor-widget elementor-widget-text-editor\" data-id=\"e1598b9\" data-element_type=\"widget\" data-widget_type=\"text-editor.default\">\n\t\t\t\t<div class=\"elementor-widget-container\">\n\t\t\t\t\t\t\t<p data-start=\"270\" data-end=\"457\">Esta abordagem atua a n\u00edvel celular e bioel\u00e9trico, o que permite a sua aplica\u00e7\u00e3o numa vasta gama de situa\u00e7\u00f5es, tanto como suporte cont\u00ednuo como estrat\u00e9gia preventiva de bem-estar.<\/p><p data-start=\"459\" data-end=\"722\">\u00c9 comummente utilizado em contextos relacionados com o conforto f\u00edsico e o equil\u00edbrio funcional (como tens\u00e3o muscular, desconforto articular ou fadiga geral), bem como em contextos mentais e emocionais, incluindo a gest\u00e3o do stress, relaxamento, concentra\u00e7\u00e3o e bem-estar geral.<\/p><p data-start=\"724\" data-end=\"893\">Devido \u00e0 sua natureza n\u00e3o invasiva e informativa, \u00e9 tamb\u00e9m utilizada para promover o equil\u00edbrio e a adaptabilidade do organismo a longo prazo, dentro de uma estrutura de bem-estar e integra\u00e7\u00e3o.<\/p>\t\t\t\t\t\t<\/div>\n\t\t\t\t<\/div>\n\t\t\t\t\t<\/div>\n\t\t<\/div>\n\t\t\t\t\t<\/div>\n\t\t<\/section>\n\t\t\t\t<section class=\"elementor-section elementor-inner-section elementor-element elementor-element-450e0a7 elementor-section-boxed elementor-section-height-default elementor-section-height-default\" data-id=\"450e0a7\" data-element_type=\"section\">\n\t\t\t\t\t\t<div class=\"elementor-container elementor-column-gap-default\">\n\t\t\t\t\t<div class=\"elementor-column elementor-col-50 elementor-inner-column elementor-element elementor-element-a4aec49 animated-fast elementor-invisible\" data-id=\"a4aec49\" data-element_type=\"column\" data-settings=\"{&quot;animation&quot;:&quot;fadeInRight&quot;}\">\n\t\t\t<div class=\"elementor-widget-wrap elementor-element-populated\">\n\t\t\t\t\t\t<div class=\"elementor-element elementor-element-d9f8988 elementor-widget elementor-widget-text-editor\" data-id=\"d9f8988\" data-element_type=\"widget\" data-widget_type=\"text-editor.default\">\n\t\t\t\t<div class=\"elementor-widget-container\">\n\t\t\t\t\t\t\t<h6 style=\"text-align: center;\"><strong>A eletroterapia pode ser utilizada numa vasta gama de contextos de bem-estar. *<br \/><\/strong><span style=\"color: #808080;\"><strong>N\u00e3o apenas para quem procura melhorar o equil\u00edbrio e o bem-estar,<\/strong><\/span><br data-start=\"383\" data-end=\"386\" \/><span style=\"color: #808080;\"><strong>mas tamb\u00e9m para aqueles que desejam mant\u00ea-lo ao longo do tempo.<\/strong><\/span><\/h6>\t\t\t\t\t\t<\/div>\n\t\t\t\t<\/div>\n\t\t\t\t<div class=\"elementor-element elementor-element-e6248e5 elementor-widget-divider--view-line elementor-widget elementor-widget-divider\" data-id=\"e6248e5\" data-element_type=\"widget\" data-widget_type=\"divider.default\">\n\t\t\t\t<div class=\"elementor-widget-container\">\n\t\t\t\t\t<div class=\"elementor-divider\">\n\t\t\t<span class=\"elementor-divider-separator\">\n\t\t\t\t\t\t<\/span>\n\t\t<\/div>\n\t\t\t\t<\/div>\n\t\t\t\t<\/div>\n\t\t\t\t<div class=\"elementor-element elementor-element-a074658 elementor-widget elementor-widget-text-editor\" data-id=\"a074658\" data-element_type=\"widget\" data-widget_type=\"text-editor.default\">\n\t\t\t\t<div class=\"elementor-widget-container\">\n\t\t\t\t\t\t\t<p>* <strong data-start=\"451\" data-end=\"470\">N\u00e3o recomendado<\/strong> para pessoas com pacemakers, durante a gravidez ou em casos que envolvam dispositivos eletr\u00f3nicos implantados, transplantes ou epilepsia.<\/p>\t\t\t\t\t\t<\/div>\n\t\t\t\t<\/div>\n\t\t\t\t\t<\/div>\n\t\t<\/div>\n\t\t\t\t<div class=\"elementor-column elementor-col-50 elementor-inner-column elementor-element elementor-element-d102217 animated-fast elementor-invisible\" data-id=\"d102217\" data-element_type=\"column\" data-settings=\"{&quot;animation&quot;:&quot;fadeInLeft&quot;,&quot;background_background&quot;:&quot;classic&quot;}\">\n\t\t\t<div class=\"elementor-widget-wrap elementor-element-populated\">\n\t\t\t\t\t<div class=\"elementor-background-overlay\"><\/div>\n\t\t\t\t\t\t<div class=\"elementor-element elementor-element-fe2fd6c elementor-widget elementor-widget-image\" data-id=\"fe2fd6c\" data-element_type=\"widget\" data-widget_type=\"image.default\">\n\t\t\t\t<div class=\"elementor-widget-container\">\n\t\t\t\t\t\t\t\t\t\t\t\t\t<img decoding=\"async\" width=\"376\" height=\"192\" src=\"https:\/\/www.int-medicine.com\/wp-content\/uploads\/2021\/09\/electropicture.png\" class=\"attachment-large size-large wp-image-988\" alt=\"\" srcset=\"https:\/\/www.int-medicine.com\/wp-content\/uploads\/2021\/09\/electropicture.png 376w, https:\/\/www.int-medicine.com\/wp-content\/uploads\/2021\/09\/electropicture-300x153.png 300w, https:\/\/www.int-medicine.com\/wp-content\/uploads\/2021\/09\/electropicture-18x9.png 18w\" sizes=\"(max-width: 376px) 100vw, 376px\" \/>\t\t\t\t\t\t\t\t\t\t\t\t\t<\/div>\n\t\t\t\t<\/div>\n\t\t\t\t\t<\/div>\n\t\t<\/div>\n\t\t\t\t\t<\/div>\n\t\t<\/section>\n\t\t\t\t\t<\/div>\n\t\t<\/div>\n\t\t\t\t\t<\/div>\n\t\t<\/section>\n\t\t\t\t<\/div>","protected":false},"excerpt":{"rendered":"<p>TimeWaverHow it works TimeWaver uses precise frequencies and low-intensity electrical signals within an informational framework designed to support cellular organisation and bioelectrical balance. Scientific research in biophysics and cellular physiology has shown that ionic channels and electrical signalling play a fundamental role in how cells communicate and organise themselves. In 1991, the work of Bert [&hellip;]<\/p>","protected":false},"author":1,"featured_media":0,"parent":0,"menu_order":0,"comment_status":"closed","ping_status":"closed","template":"","meta":{"footnotes":""},"_links":{"self":[{"href":"https:\/\/www.int-medicine.com\/pt\/wp-json\/wp\/v2\/pages\/27"}],"collection":[{"href":"https:\/\/www.int-medicine.com\/pt\/wp-json\/wp\/v2\/pages"}],"about":[{"href":"https:\/\/www.int-medicine.com\/pt\/wp-json\/wp\/v2\/types\/page"}],"author":[{"embeddable":true,"href":"https:\/\/www.int-medicine.com\/pt\/wp-json\/wp\/v2\/users\/1"}],"replies":[{"embeddable":true,"href":"https:\/\/www.int-medicine.com\/pt\/wp-json\/wp\/v2\/comments?post=27"}],"version-history":[{"count":148,"href":"https:\/\/www.int-medicine.com\/pt\/wp-json\/wp\/v2\/pages\/27\/revisions"}],"predecessor-version":[{"id":1585,"href":"https:\/\/www.int-medicine.com\/pt\/wp-json\/wp\/v2\/pages\/27\/revisions\/1585"}],"wp:attachment":[{"href":"https:\/\/www.int-medicine.com\/pt\/wp-json\/wp\/v2\/media?parent=27"}],"curies":[{"name":"wp","href":"https:\/\/api.w.org\/{rel}","templated":true}]}}