{"id":19,"date":"2021-08-17T14:04:27","date_gmt":"2021-08-17T14:04:27","guid":{"rendered":"https:\/\/www.int-medicine.com\/?page_id=19"},"modified":"2026-02-04T19:01:32","modified_gmt":"2026-02-04T19:01:32","slug":"nuno-nina","status":"publish","type":"page","link":"https:\/\/www.int-medicine.com\/pt\/nuno-nina\/","title":{"rendered":"Nuno Nina"},"content":{"rendered":"<div data-elementor-type=\"wp-page\" data-elementor-id=\"19\" class=\"elementor elementor-19\" data-elementor-post-type=\"page\">\n\t\t\t\t\t\t<section class=\"elementor-section elementor-top-section elementor-element elementor-element-78cbe58 elementor-section-boxed elementor-section-height-default elementor-section-height-default\" data-id=\"78cbe58\" data-element_type=\"section\" data-settings=\"{&quot;background_background&quot;:&quot;classic&quot;}\">\n\t\t\t\t\t\t<div class=\"elementor-container elementor-column-gap-default\">\n\t\t\t\t\t<div class=\"elementor-column elementor-col-100 elementor-top-column elementor-element elementor-element-d83b139\" data-id=\"d83b139\" data-element_type=\"column\">\n\t\t\t<div class=\"elementor-widget-wrap elementor-element-populated\">\n\t\t\t\t\t\t<section class=\"elementor-section elementor-inner-section elementor-element elementor-element-a273a60 elementor-section-boxed elementor-section-height-default elementor-section-height-default\" data-id=\"a273a60\" data-element_type=\"section\">\n\t\t\t\t\t\t<div class=\"elementor-container elementor-column-gap-default\">\n\t\t\t\t\t<div class=\"elementor-column elementor-col-50 elementor-inner-column elementor-element elementor-element-761d181 elementor-invisible\" data-id=\"761d181\" data-element_type=\"column\" data-settings=\"{&quot;animation&quot;:&quot;fadeIn&quot;}\">\n\t\t\t<div class=\"elementor-widget-wrap elementor-element-populated\">\n\t\t\t\t\t\t<div class=\"elementor-element elementor-element-b4df3e9 elementor-widget elementor-widget-image\" data-id=\"b4df3e9\" data-element_type=\"widget\" data-settings=\"{&quot;_animation&quot;:&quot;none&quot;}\" data-widget_type=\"image.default\">\n\t\t\t\t<div class=\"elementor-widget-container\">\n\t\t\t\t\t\t\t\t\t\t\t\t\t<img fetchpriority=\"high\" decoding=\"async\" width=\"2048\" height=\"1365\" src=\"https:\/\/www.int-medicine.com\/wp-content\/uploads\/2024\/10\/DSC07205-copia.jpg\" class=\"attachment-full size-full wp-image-1394\" alt=\"\" srcset=\"https:\/\/www.int-medicine.com\/wp-content\/uploads\/2024\/10\/DSC07205-copia.jpg 2048w, https:\/\/www.int-medicine.com\/wp-content\/uploads\/2024\/10\/DSC07205-copia-300x200.jpg 300w, https:\/\/www.int-medicine.com\/wp-content\/uploads\/2024\/10\/DSC07205-copia-1024x683.jpg 1024w, https:\/\/www.int-medicine.com\/wp-content\/uploads\/2024\/10\/DSC07205-copia-768x512.jpg 768w, https:\/\/www.int-medicine.com\/wp-content\/uploads\/2024\/10\/DSC07205-copia-1536x1024.jpg 1536w, https:\/\/www.int-medicine.com\/wp-content\/uploads\/2024\/10\/DSC07205-copia-18x12.jpg 18w\" sizes=\"(max-width: 2048px) 100vw, 2048px\" \/>\t\t\t\t\t\t\t\t\t\t\t\t\t<\/div>\n\t\t\t\t<\/div>\n\t\t\t\t<div class=\"elementor-element elementor-element-8116834 elementor-widget elementor-widget-text-editor\" data-id=\"8116834\" data-element_type=\"widget\" data-widget_type=\"text-editor.default\">\n\t\t\t\t<div class=\"elementor-widget-container\">\n\t\t\t\t\t\t\t<p>Nuno Nina<\/p>\t\t\t\t\t\t<\/div>\n\t\t\t\t<\/div>\n\t\t\t\t<div class=\"elementor-element elementor-element-cecb667 elementor-widget elementor-widget-text-editor\" data-id=\"cecb667\" data-element_type=\"widget\" data-widget_type=\"text-editor.default\">\n\t\t\t\t<div class=\"elementor-widget-container\">\n\t\t\t\t\t\t\t<p>CEO &#8211; IM Integrative Medicine Lda<br \/>CEO &#8211; Nuno Nina Akademy<br \/>CEO\u00a0 &amp; Founder &#8211; CellPower X Lda<br \/>Criador \u2013 CellPower Water\u00ae<br \/>Diretor \u2013 CellPower Welness Center<\/p>\t\t\t\t\t\t<\/div>\n\t\t\t\t<\/div>\n\t\t\t\t\t<\/div>\n\t\t<\/div>\n\t\t\t\t<div class=\"elementor-column elementor-col-50 elementor-inner-column elementor-element elementor-element-ce44aa3 elementor-invisible\" data-id=\"ce44aa3\" data-element_type=\"column\" data-settings=\"{&quot;animation&quot;:&quot;fadeIn&quot;,&quot;animation_delay&quot;:700}\">\n\t\t\t<div class=\"elementor-widget-wrap elementor-element-populated\">\n\t\t\t\t\t\t<div class=\"elementor-element elementor-element-05ab857 elementor-widget elementor-widget-heading\" data-id=\"05ab857\" data-element_type=\"widget\" data-widget_type=\"heading.default\">\n\t\t\t\t<div class=\"elementor-widget-container\">\n\t\t\t<h2 class=\"elementor-heading-title elementor-size-default\">Sobre o Nuno Nina<\/h2>\t\t<\/div>\n\t\t\t\t<\/div>\n\t\t\t\t<div class=\"elementor-element elementor-element-88443c1 elementor-widget elementor-widget-text-editor\" data-id=\"88443c1\" data-element_type=\"widget\" data-widget_type=\"text-editor.default\">\n\t\t\t\t<div class=\"elementor-widget-container\">\n\t\t\t\t\t\t\t<p class=\"font_8\">Nuno Nina tem uma vasta experi\u00eancia na \u00e1rea da investiga\u00e7\u00e3o integrativa e bioel\u00e9trica.&nbsp;<\/p><p class=\"font_8\">Com forma\u00e7\u00e3o em Matem\u00e1tica, Engenharia de Sistemas e Bioqu\u00edmica, fundou e dirige atualmente o IM \u2013 Centro de Medicina Integrativa em Lisboa, um espa\u00e7o dedicado ao estudo e aplica\u00e7\u00e3o de abordagens bioel\u00e9tricas, informacionais e baseadas em frequ\u00eancias para a otimiza\u00e7\u00e3o e o bem-estar humano. Ao longo das \u00faltimas d\u00e9cadas, Nuno Nina tem estado profundamente envolvido no desenvolvimento de sistemas baseados em frequ\u00eancias e tecnologias bioel\u00e9tricas, contribuindo para a conce\u00e7\u00e3o de dispositivos e metodologias avan\u00e7adas n\u00e3o invasivas focadas na comunica\u00e7\u00e3o celular, no equil\u00edbrio bioel\u00e9trico e na organiza\u00e7\u00e3o funcional.&nbsp;<\/p><p class=\"font_8\">O seu trabalho influenciou o desenvolvimento de m\u00faltiplos centros e profissionais em todo o mundo que trabalham neste campo emergente. Em coopera\u00e7\u00e3o com a TimeWaver Home GmbH, o Nuno contribuiu para o desenvolvimento e evolu\u00e7\u00e3o do Sistema de Frequ\u00eancias TimeWaver e do sistema Healy, que explora a intera\u00e7\u00e3o entre informa\u00e7\u00e3o, frequ\u00eancias e sistemas biol\u00f3gicos complexos. Este trabalho tem sido aplicado internacionalmente por uma ampla rede de profissionais de diferentes \u00e1reas.&nbsp;<\/p><p class=\"font_8\">Mais recentemente, a investiga\u00e7\u00e3o de Nuno Nina tem-se centrado na \u00e1gua como meio fundamental para a coer\u00eancia bioel\u00e9ctrica e informacional, levando ao desenvolvimento da CellPower Water\u00ae. Este projeto \u00e9 o resultado de d\u00e9cadas de investiga\u00e7\u00e3o que combinam engenharia, pensamento sist\u00e9mico e bioqu\u00edmica, com o objetivo de criar \u00e1gua com caracter\u00edsticas f\u00edsico-qu\u00edmicas e eletroqu\u00edmicas espec\u00edficas, incluindo elevado ORP negativo, baixos valores de rH\u2082, teor de hidrog\u00e9nio ativo, pH neutro e biominerais naturais.<\/p>\t\t\t\t\t\t<\/div>\n\t\t\t\t<\/div>\n\t\t\t\t\t<\/div>\n\t\t<\/div>\n\t\t\t\t\t<\/div>\n\t\t<\/section>\n\t\t\t\t\t<\/div>\n\t\t<\/div>\n\t\t\t\t\t<\/div>\n\t\t<\/section>\n\t\t\t\t<section class=\"elementor-section elementor-top-section elementor-element elementor-element-fbb9404 elementor-section-boxed elementor-section-height-default elementor-section-height-default elementor-invisible\" data-id=\"fbb9404\" data-element_type=\"section\" data-settings=\"{&quot;animation&quot;:&quot;fadeInUp&quot;}\">\n\t\t\t\t\t\t<div class=\"elementor-container elementor-column-gap-default\">\n\t\t\t\t\t<div class=\"elementor-column elementor-col-100 elementor-top-column elementor-element elementor-element-5364845\" data-id=\"5364845\" data-element_type=\"column\">\n\t\t\t<div class=\"elementor-widget-wrap elementor-element-populated\">\n\t\t\t\t\t\t<div class=\"elementor-element elementor-element-57df8fb elementor-widget elementor-widget-gallery\" data-id=\"57df8fb\" data-element_type=\"widget\" data-settings=\"{&quot;gap&quot;:{&quot;unit&quot;:&quot;px&quot;,&quot;size&quot;:5,&quot;sizes&quot;:[]},&quot;lazyload&quot;:&quot;yes&quot;,&quot;gallery_layout&quot;:&quot;grid&quot;,&quot;columns&quot;:4,&quot;columns_tablet&quot;:2,&quot;columns_mobile&quot;:1,&quot;gap_tablet&quot;:{&quot;unit&quot;:&quot;px&quot;,&quot;size&quot;:10,&quot;sizes&quot;:[]},&quot;gap_mobile&quot;:{&quot;unit&quot;:&quot;px&quot;,&quot;size&quot;:10,&quot;sizes&quot;:[]},&quot;link_to&quot;:&quot;file&quot;,&quot;aspect_ratio&quot;:&quot;3:2&quot;,&quot;overlay_background&quot;:&quot;yes&quot;,&quot;content_hover_animation&quot;:&quot;fade-in&quot;}\" data-widget_type=\"gallery.default\">\n\t\t\t\t<div class=\"elementor-widget-container\">\n\t\t\t\t\t<div class=\"elementor-gallery__container\">\n\t\t\t\t\t\t\t<a class=\"e-gallery-item elementor-gallery-item elementor-animated-content\" href=\"https:\/\/www.int-medicine.com\/wp-content\/uploads\/2024\/10\/DSC09118.jpg\" data-elementor-open-lightbox=\"yes\" data-elementor-lightbox-slideshow=\"57df8fb\" data-elementor-lightbox-title=\"DSC09118\" data-e-action-hash=\"#elementor-action%3Aaction%3Dlightbox%26settings%3DeyJpZCI6MTM5MywidXJsIjoiaHR0cHM6XC9cL3d3dy5pbnQtbWVkaWNpbmUuY29tXC93cC1jb250ZW50XC91cGxvYWRzXC8yMDI0XC8xMFwvRFNDMDkxMTguanBnIiwic2xpZGVzaG93IjoiNTdkZjhmYiJ9\">\n\t\t\t\t\t<div class=\"e-gallery-image elementor-gallery-item__image\" data-thumbnail=\"https:\/\/www.int-medicine.com\/wp-content\/uploads\/2024\/10\/DSC09118-300x200.jpg\" data-width=\"300\" data-height=\"200\" aria-label=\"\" role=\"img\" ><\/div>\n\t\t\t\t\t\t\t\t\t\t\t<div class=\"elementor-gallery-item__overlay\"><\/div>\n\t\t\t\t\t\t\t\t\t\t\t\t\t\t<\/a>\n\t\t\t\t\t\t\t<a class=\"e-gallery-item elementor-gallery-item elementor-animated-content\" href=\"https:\/\/www.int-medicine.com\/wp-content\/uploads\/2021\/08\/port_img02.jpg\" data-elementor-open-lightbox=\"yes\" data-elementor-lightbox-slideshow=\"57df8fb\" data-e-action-hash=\"#elementor-action%3Aaction%3Dlightbox%26settings%3DeyJpZCI6NTc1LCJ1cmwiOiJodHRwczpcL1wvd3d3LmludC1tZWRpY2luZS5jb21cL3dwLWNvbnRlbnRcL3VwbG9hZHNcLzIwMjFcLzA4XC9wb3J0X2ltZzAyLmpwZyIsInNsaWRlc2hvdyI6IjU3ZGY4ZmIifQ%3D%3D\">\n\t\t\t\t\t<div class=\"e-gallery-image elementor-gallery-item__image\" data-thumbnail=\"https:\/\/www.int-medicine.com\/wp-content\/uploads\/2021\/08\/port_img02-300x169.jpg\" data-width=\"300\" data-height=\"169\" aria-label=\"\" role=\"img\" ><\/div>\n\t\t\t\t\t\t\t\t\t\t\t<div class=\"elementor-gallery-item__overlay\"><\/div>\n\t\t\t\t\t\t\t\t\t\t\t\t\t\t<\/a>\n\t\t\t\t\t\t\t<a class=\"e-gallery-item elementor-gallery-item elementor-animated-content\" href=\"https:\/\/www.int-medicine.com\/wp-content\/uploads\/2024\/10\/DSC07429.jpg\" data-elementor-open-lightbox=\"yes\" data-elementor-lightbox-slideshow=\"57df8fb\" data-elementor-lightbox-title=\"DSC07429\" data-e-action-hash=\"#elementor-action%3Aaction%3Dlightbox%26settings%3DeyJpZCI6MTM4OSwidXJsIjoiaHR0cHM6XC9cL3d3dy5pbnQtbWVkaWNpbmUuY29tXC93cC1jb250ZW50XC91cGxvYWRzXC8yMDI0XC8xMFwvRFNDMDc0MjkuanBnIiwic2xpZGVzaG93IjoiNTdkZjhmYiJ9\">\n\t\t\t\t\t<div class=\"e-gallery-image elementor-gallery-item__image\" data-thumbnail=\"https:\/\/www.int-medicine.com\/wp-content\/uploads\/2024\/10\/DSC07429-200x300.jpg\" data-width=\"200\" data-height=\"300\" aria-label=\"\" role=\"img\" ><\/div>\n\t\t\t\t\t\t\t\t\t\t\t<div class=\"elementor-gallery-item__overlay\"><\/div>\n\t\t\t\t\t\t\t\t\t\t\t\t\t\t<\/a>\n\t\t\t\t\t\t\t<a class=\"e-gallery-item elementor-gallery-item elementor-animated-content\" href=\"https:\/\/www.int-medicine.com\/wp-content\/uploads\/2024\/10\/DSC07205-copia.jpg\" data-elementor-open-lightbox=\"yes\" data-elementor-lightbox-slideshow=\"57df8fb\" data-elementor-lightbox-title=\"DSC07205 - c\u00f3pia\" data-e-action-hash=\"#elementor-action%3Aaction%3Dlightbox%26settings%3DeyJpZCI6MTM5NCwidXJsIjoiaHR0cHM6XC9cL3d3dy5pbnQtbWVkaWNpbmUuY29tXC93cC1jb250ZW50XC91cGxvYWRzXC8yMDI0XC8xMFwvRFNDMDcyMDUtY29waWEuanBnIiwic2xpZGVzaG93IjoiNTdkZjhmYiJ9\">\n\t\t\t\t\t<div class=\"e-gallery-image elementor-gallery-item__image\" data-thumbnail=\"https:\/\/www.int-medicine.com\/wp-content\/uploads\/2024\/10\/DSC07205-copia-300x200.jpg\" data-width=\"300\" data-height=\"200\" aria-label=\"\" role=\"img\" ><\/div>\n\t\t\t\t\t\t\t\t\t\t\t<div class=\"elementor-gallery-item__overlay\"><\/div>\n\t\t\t\t\t\t\t\t\t\t\t\t\t\t<\/a>\n\t\t\t\t\t<\/div>\n\t\t\t<\/div>\n\t\t\t\t<\/div>\n\t\t\t\t\t<\/div>\n\t\t<\/div>\n\t\t\t\t\t<\/div>\n\t\t<\/section>\n\t\t\t\t<\/div>","protected":false},"excerpt":{"rendered":"<p>Nuno Nina CEO &#8211; IM Integrative Medicine LdaCEO &#8211; Nuno Nina AkademyCEO\u00a0 &amp; Founder &#8211; CellPower X LdaCreator &#8211; CellPower Water\u00aeDirector &#8211; CellPower Welness Center About Nuno Nina Nuno Nina has extensive experience in the field of integrative and bioelectrical research.&nbsp; With a background in Mathematics, Systems Engineering and Biochemistry, he founded and currently directs [&hellip;]<\/p>","protected":false},"author":1,"featured_media":0,"parent":0,"menu_order":0,"comment_status":"closed","ping_status":"closed","template":"","meta":{"footnotes":""},"_links":{"self":[{"href":"https:\/\/www.int-medicine.com\/pt\/wp-json\/wp\/v2\/pages\/19"}],"collection":[{"href":"https:\/\/www.int-medicine.com\/pt\/wp-json\/wp\/v2\/pages"}],"about":[{"href":"https:\/\/www.int-medicine.com\/pt\/wp-json\/wp\/v2\/types\/page"}],"author":[{"embeddable":true,"href":"https:\/\/www.int-medicine.com\/pt\/wp-json\/wp\/v2\/users\/1"}],"replies":[{"embeddable":true,"href":"https:\/\/www.int-medicine.com\/pt\/wp-json\/wp\/v2\/comments?post=19"}],"version-history":[{"count":97,"href":"https:\/\/www.int-medicine.com\/pt\/wp-json\/wp\/v2\/pages\/19\/revisions"}],"predecessor-version":[{"id":1607,"href":"https:\/\/www.int-medicine.com\/pt\/wp-json\/wp\/v2\/pages\/19\/revisions\/1607"}],"wp:attachment":[{"href":"https:\/\/www.int-medicine.com\/pt\/wp-json\/wp\/v2\/media?parent=19"}],"curies":[{"name":"wp","href":"https:\/\/api.w.org\/{rel}","templated":true}]}}